{"id":7481,"date":"2022-01-06T12:57:24","date_gmt":"2022-01-06T17:57:24","guid":{"rendered":"https:\/\/8d25db18c7.nxcli.net\/?page_id=7481"},"modified":"2022-03-04T18:23:47","modified_gmt":"2022-03-04T23:23:47","slug":"niveaux","status":"publish","type":"page","link":"https:\/\/hoponcanada.ca\/fr\/niveaux\/","title":{"rendered":"Niveaux"},"content":{"rendered":"<p>[et_pb_section fb_built=\u00a0\u00bb1&Prime; _builder_version=\u00a0\u00bb4.14.3&Prime; _module_preset=\u00a0\u00bbdefault\u00a0\u00bb background_image=\u00a0\u00bbhttps:\/\/hoponcanada.ca\/wp-content\/uploads\/2020\/02\/kids-iride-bg.jpg\u00a0\u00bb background_position=\u00a0\u00bbtop_center\u00a0\u00bb custom_padding=\u00a0\u00bb25px||25px||true|false\u00a0\u00bb locked=\u00a0\u00bboff\u00a0\u00bb global_colors_info=\u00a0\u00bb{}\u00a0\u00bb][et_pb_row _builder_version=\u00a0\u00bb4.14.3&Prime; _module_preset=\u00a0\u00bbdefault\u00a0\u00bb custom_padding=\u00a0\u00bb50px||50px||true|false\u00a0\u00bb border_width_top=\u00a0\u00bb5px\u00a0\u00bb border_color_top=\u00a0\u00bb#FFFFFF\u00a0\u00bb border_width_bottom=\u00a0\u00bb5px\u00a0\u00bb border_color_bottom=\u00a0\u00bb#F4F4F4&Prime; global_colors_info=\u00a0\u00bb{}\u00a0\u00bb][et_pb_column type=\u00a0\u00bb4_4&Prime; _builder_version=\u00a0\u00bb4.14.3&Prime; _module_preset=\u00a0\u00bbdefault\u00a0\u00bb global_colors_info=\u00a0\u00bb{}\u00a0\u00bb][et_pb_text admin_label=\u00a0\u00bbtitle: Get Kids Cycling\u00a0\u00bb _builder_version=\u00a0\u00bb4.14.7&Prime; _module_preset=\u00a0\u00bbdefault\u00a0\u00bb header_font_size=\u00a0\u00bb5.5em\u00a0\u00bb background_layout=\u00a0\u00bbdark\u00a0\u00bb header_font_size_tablet=\u00a0\u00bb5.5em\u00a0\u00bb header_font_size_phone=\u00a0\u00bb3.6em\u00a0\u00bb header_font_size_last_edited=\u00a0\u00bbon|phone\u00a0\u00bb global_colors_info=\u00a0\u00bb{}\u00a0\u00bb]<\/p>\n<h1 style=\"text-align: center;\">Niveaux<\/h1>\n<p>[\/et_pb_text][\/et_pb_column][\/et_pb_row][\/et_pb_section][et_pb_section fb_built=\u00a0\u00bb1&Prime; _builder_version=\u00a0\u00bb4.14.3&Prime; _module_preset=\u00a0\u00bbdefault\u00a0\u00bb global_colors_info=\u00a0\u00bb{}\u00a0\u00bb][et_pb_row _builder_version=\u00a0\u00bb4.14.3&Prime; _module_preset=\u00a0\u00bbdefault\u00a0\u00bb global_colors_info=\u00a0\u00bb{}\u00a0\u00bb][et_pb_column type=\u00a0\u00bb4_4&Prime; _builder_version=\u00a0\u00bb4.14.3&Prime; _module_preset=\u00a0\u00bbdefault\u00a0\u00bb global_colors_info=\u00a0\u00bb{}\u00a0\u00bb][et_pb_text _builder_version=\u00a0\u00bb4.14.7&Prime; _module_preset=\u00a0\u00bbdefault\u00a0\u00bb text_font=\u00a0\u00bbPoppins|500|||||||\u00a0\u00bb text_text_color=\u00a0\u00bb#16181a\u00a0\u00bb vertical_offset_tablet=\u00a0\u00bb0&Prime; horizontal_offset_tablet=\u00a0\u00bb0&Prime; z_index_tablet=\u00a0\u00bb0&Prime; text_text_shadow_horizontal_length_tablet=\u00a0\u00bb0px\u00a0\u00bb text_text_shadow_vertical_length_tablet=\u00a0\u00bb0px\u00a0\u00bb text_text_shadow_blur_strength_tablet=\u00a0\u00bb1px\u00a0\u00bb link_text_shadow_horizontal_length_tablet=\u00a0\u00bb0px\u00a0\u00bb link_text_shadow_vertical_length_tablet=\u00a0\u00bb0px\u00a0\u00bb link_text_shadow_blur_strength_tablet=\u00a0\u00bb1px\u00a0\u00bb ul_text_shadow_horizontal_length_tablet=\u00a0\u00bb0px\u00a0\u00bb ul_text_shadow_vertical_length_tablet=\u00a0\u00bb0px\u00a0\u00bb ul_text_shadow_blur_strength_tablet=\u00a0\u00bb1px\u00a0\u00bb ol_text_shadow_horizontal_length_tablet=\u00a0\u00bb0px\u00a0\u00bb ol_text_shadow_vertical_length_tablet=\u00a0\u00bb0px\u00a0\u00bb ol_text_shadow_blur_strength_tablet=\u00a0\u00bb1px\u00a0\u00bb quote_text_shadow_horizontal_length_tablet=\u00a0\u00bb0px\u00a0\u00bb quote_text_shadow_vertical_length_tablet=\u00a0\u00bb0px\u00a0\u00bb quote_text_shadow_blur_strength_tablet=\u00a0\u00bb1px\u00a0\u00bb header_text_shadow_horizontal_length_tablet=\u00a0\u00bb0px\u00a0\u00bb header_text_shadow_vertical_length_tablet=\u00a0\u00bb0px\u00a0\u00bb header_text_shadow_blur_strength_tablet=\u00a0\u00bb1px\u00a0\u00bb header_2_text_shadow_horizontal_length_tablet=\u00a0\u00bb0px\u00a0\u00bb header_2_text_shadow_vertical_length_tablet=\u00a0\u00bb0px\u00a0\u00bb header_2_text_shadow_blur_strength_tablet=\u00a0\u00bb1px\u00a0\u00bb header_3_text_shadow_horizontal_length_tablet=\u00a0\u00bb0px\u00a0\u00bb header_3_text_shadow_vertical_length_tablet=\u00a0\u00bb0px\u00a0\u00bb header_3_text_shadow_blur_strength_tablet=\u00a0\u00bb1px\u00a0\u00bb header_4_text_shadow_horizontal_length_tablet=\u00a0\u00bb0px\u00a0\u00bb header_4_text_shadow_vertical_length_tablet=\u00a0\u00bb0px\u00a0\u00bb header_4_text_shadow_blur_strength_tablet=\u00a0\u00bb1px\u00a0\u00bb header_5_text_shadow_horizontal_length_tablet=\u00a0\u00bb0px\u00a0\u00bb header_5_text_shadow_vertical_length_tablet=\u00a0\u00bb0px\u00a0\u00bb header_5_text_shadow_blur_strength_tablet=\u00a0\u00bb1px\u00a0\u00bb header_6_text_shadow_horizontal_length_tablet=\u00a0\u00bb0px\u00a0\u00bb header_6_text_shadow_vertical_length_tablet=\u00a0\u00bb0px\u00a0\u00bb header_6_text_shadow_blur_strength_tablet=\u00a0\u00bb1px\u00a0\u00bb box_shadow_horizontal_tablet=\u00a0\u00bb0px\u00a0\u00bb box_shadow_vertical_tablet=\u00a0\u00bb0px\u00a0\u00bb box_shadow_blur_tablet=\u00a0\u00bb40px\u00a0\u00bb box_shadow_spread_tablet=\u00a0\u00bb0px\u00a0\u00bb global_colors_info=\u00a0\u00bb{}\u00a0\u00bb]<\/p>\n<p>Le programme Embarquez utilise un syst\u00e8me de niveaux avec un code de couleurs pour aider \u00e0 identifier les niveaux de comp\u00e9tence des diff\u00e9rents participants. La programmation sera adapt\u00e9e sur une base individuelle afin que tous les participants puissent \u00eatre mis au d\u00e9fi et apprendre. Ces niveaux aident aussi les parents \u00e0 savoir \u00e0 quels types de programmes ils doivent inscrire leurs enfants.<\/p>\n<p>[\/et_pb_text][\/et_pb_column][\/et_pb_row][et_pb_row _builder_version=\u00a0\u00bb4.14.3&Prime; _module_preset=\u00a0\u00bbdefault\u00a0\u00bb global_colors_info=\u00a0\u00bb{}\u00a0\u00bb][et_pb_column type=\u00a0\u00bb4_4&Prime; _builder_version=\u00a0\u00bb4.14.3&Prime; _module_preset=\u00a0\u00bbdefault\u00a0\u00bb global_colors_info=\u00a0\u00bb{}\u00a0\u00bb][et_pb_toggle title=\u00a0\u00bbNiveau 1&Prime; closed_toggle_text_color=\u00a0\u00bb#16181a\u00a0\u00bb _builder_version=\u00a0\u00bb4.14.7&Prime; _module_preset=\u00a0\u00bbdefault\u00a0\u00bb body_text_color=\u00a0\u00bb#16181a\u00a0\u00bb vertical_offset_tablet=\u00a0\u00bb0&Prime; horizontal_offset_tablet=\u00a0\u00bb0&Prime; title_text_shadow_horizontal_length_tablet=\u00a0\u00bb0px\u00a0\u00bb title_text_shadow_vertical_length_tablet=\u00a0\u00bb0px\u00a0\u00bb title_text_shadow_blur_strength_tablet=\u00a0\u00bb1px\u00a0\u00bb closed_title_text_shadow_horizontal_length_tablet=\u00a0\u00bb0px\u00a0\u00bb closed_title_text_shadow_vertical_length_tablet=\u00a0\u00bb0px\u00a0\u00bb closed_title_text_shadow_blur_strength_tablet=\u00a0\u00bb1px\u00a0\u00bb body_text_shadow_horizontal_length_tablet=\u00a0\u00bb0px\u00a0\u00bb body_text_shadow_vertical_length_tablet=\u00a0\u00bb0px\u00a0\u00bb body_text_shadow_blur_strength_tablet=\u00a0\u00bb1px\u00a0\u00bb body_link_text_shadow_horizontal_length_tablet=\u00a0\u00bb0px\u00a0\u00bb body_link_text_shadow_vertical_length_tablet=\u00a0\u00bb0px\u00a0\u00bb body_link_text_shadow_blur_strength_tablet=\u00a0\u00bb1px\u00a0\u00bb body_ul_text_shadow_horizontal_length_tablet=\u00a0\u00bb0px\u00a0\u00bb body_ul_text_shadow_vertical_length_tablet=\u00a0\u00bb0px\u00a0\u00bb body_ul_text_shadow_blur_strength_tablet=\u00a0\u00bb1px\u00a0\u00bb body_ol_text_shadow_horizontal_length_tablet=\u00a0\u00bb0px\u00a0\u00bb body_ol_text_shadow_vertical_length_tablet=\u00a0\u00bb0px\u00a0\u00bb body_ol_text_shadow_blur_strength_tablet=\u00a0\u00bb1px\u00a0\u00bb body_quote_text_shadow_horizontal_length_tablet=\u00a0\u00bb0px\u00a0\u00bb body_quote_text_shadow_vertical_length_tablet=\u00a0\u00bb0px\u00a0\u00bb body_quote_text_shadow_blur_strength_tablet=\u00a0\u00bb1px\u00a0\u00bb box_shadow_horizontal_tablet=\u00a0\u00bb0px\u00a0\u00bb box_shadow_vertical_tablet=\u00a0\u00bb0px\u00a0\u00bb box_shadow_blur_tablet=\u00a0\u00bb40px\u00a0\u00bb box_shadow_spread_tablet=\u00a0\u00bb0px\u00a0\u00bb text_shadow_horizontal_length_tablet=\u00a0\u00bb0px\u00a0\u00bb text_shadow_vertical_length_tablet=\u00a0\u00bb0px\u00a0\u00bb text_shadow_blur_strength_tablet=\u00a0\u00bb1px\u00a0\u00bb global_colors_info=\u00a0\u00bb{}\u00a0\u00bb]<\/p>\n<p><strong>Couleur :<\/strong>\u00a0Jaune<\/p>\n<p><strong>Difficult\u00e9 :<\/strong> Premi\u00e8re exp\u00e9rience<\/p>\n<p><strong>Description :<\/strong>\u00a0Nouveau au p\u00e9dalage<\/p>\n<p><strong>Capacit\u00e9s\u2026\u00a0<\/strong><\/p>\n<ul>\n<li>Faire du v\u00e9lo \u00e0 deux roues 60 coups de p\u00e9dale sans arr\u00eater<\/li>\n<\/ul>\n<p><strong>Les programmes sont destin\u00e9s aux d\u00e9butants et se d\u00e9roulent dans des contextes scolaires et communautaires. Une tranche d\u2019\u00e2ge typique est de trois \u00e0 huit ans.<\/strong><\/p>\n<p>[\/et_pb_toggle][et_pb_toggle title=\u00a0\u00bbNiveau 2&Prime; closed_toggle_text_color=\u00a0\u00bb#16181a\u00a0\u00bb _builder_version=\u00a0\u00bb4.14.7&Prime; _module_preset=\u00a0\u00bbdefault\u00a0\u00bb body_text_color=\u00a0\u00bb#16181a\u00a0\u00bb vertical_offset_tablet=\u00a0\u00bb0&Prime; horizontal_offset_tablet=\u00a0\u00bb0&Prime; title_text_shadow_horizontal_length_tablet=\u00a0\u00bb0px\u00a0\u00bb title_text_shadow_vertical_length_tablet=\u00a0\u00bb0px\u00a0\u00bb title_text_shadow_blur_strength_tablet=\u00a0\u00bb1px\u00a0\u00bb closed_title_text_shadow_horizontal_length_tablet=\u00a0\u00bb0px\u00a0\u00bb closed_title_text_shadow_vertical_length_tablet=\u00a0\u00bb0px\u00a0\u00bb closed_title_text_shadow_blur_strength_tablet=\u00a0\u00bb1px\u00a0\u00bb body_text_shadow_horizontal_length_tablet=\u00a0\u00bb0px\u00a0\u00bb body_text_shadow_vertical_length_tablet=\u00a0\u00bb0px\u00a0\u00bb body_text_shadow_blur_strength_tablet=\u00a0\u00bb1px\u00a0\u00bb body_link_text_shadow_horizontal_length_tablet=\u00a0\u00bb0px\u00a0\u00bb body_link_text_shadow_vertical_length_tablet=\u00a0\u00bb0px\u00a0\u00bb body_link_text_shadow_blur_strength_tablet=\u00a0\u00bb1px\u00a0\u00bb body_ul_text_shadow_horizontal_length_tablet=\u00a0\u00bb0px\u00a0\u00bb body_ul_text_shadow_vertical_length_tablet=\u00a0\u00bb0px\u00a0\u00bb body_ul_text_shadow_blur_strength_tablet=\u00a0\u00bb1px\u00a0\u00bb body_ol_text_shadow_horizontal_length_tablet=\u00a0\u00bb0px\u00a0\u00bb body_ol_text_shadow_vertical_length_tablet=\u00a0\u00bb0px\u00a0\u00bb body_ol_text_shadow_blur_strength_tablet=\u00a0\u00bb1px\u00a0\u00bb body_quote_text_shadow_horizontal_length_tablet=\u00a0\u00bb0px\u00a0\u00bb body_quote_text_shadow_vertical_length_tablet=\u00a0\u00bb0px\u00a0\u00bb body_quote_text_shadow_blur_strength_tablet=\u00a0\u00bb1px\u00a0\u00bb box_shadow_horizontal_tablet=\u00a0\u00bb0px\u00a0\u00bb box_shadow_vertical_tablet=\u00a0\u00bb0px\u00a0\u00bb box_shadow_blur_tablet=\u00a0\u00bb40px\u00a0\u00bb box_shadow_spread_tablet=\u00a0\u00bb0px\u00a0\u00bb text_shadow_horizontal_length_tablet=\u00a0\u00bb0px\u00a0\u00bb text_shadow_vertical_length_tablet=\u00a0\u00bb0px\u00a0\u00bb text_shadow_blur_strength_tablet=\u00a0\u00bb1px\u00a0\u00bb global_colors_info=\u00a0\u00bb{}\u00a0\u00bb]<\/p>\n<p><strong>Couleur :<\/strong>\u00a0Vert<\/p>\n<p><strong>Difficult\u00e9 :<\/strong>\u00a0D\u00e9butant<\/p>\n<p><strong>Description :<\/strong>\u00a0\u00c0 l\u2019aise sur les terrains gazonn\u00e9s<\/p>\n<p><strong>Capacit\u00e9s\u2026<\/strong><\/p>\n<ul>\n<li>D\u00e9marrer et arr\u00eater rapidement<\/li>\n<li>Changer de vitesse<\/li>\n<li>Tapoter la t\u00eate avec la main en v\u00e9lo<\/li>\n<\/ul>\n<p><strong>Les programmes sont destin\u00e9s aux d\u00e9butants et se d\u00e9roulent dans des contextes scolaires et communautaires. Une tranche d\u2019\u00e2ge typique est de quatre \u00e0 neuf ans.<\/strong><\/p>\n<p>[\/et_pb_toggle][et_pb_toggle title=\u00a0\u00bbNiveau 3&Prime; closed_toggle_text_color=\u00a0\u00bb#16181A\u00a0\u00bb _builder_version=\u00a0\u00bb4.14.7&Prime; _module_preset=\u00a0\u00bbdefault\u00a0\u00bb body_text_color=\u00a0\u00bb#16181A\u00a0\u00bb global_colors_info=\u00a0\u00bb{}\u00a0\u00bb]<\/p>\n<p><strong>Couleur :<\/strong>\u00a0Bleu<\/p>\n<p><strong>Difficult\u00e9 :<\/strong>\u00a0Interm\u00e9diaire<\/p>\n<p><strong>Description :<\/strong>\u00a0Initiation aux sentiers forestiers<\/p>\n<p><strong>Capacit\u00e9s \u2026\u00a0<\/strong><\/p>\n<ul>\n<li>Tourner rapidement<\/li>\n<li>Regardez derri\u00e8re en roulant tout droit<\/li>\n<li>D\u00e9valer une bordure de trottoir<\/li>\n<\/ul>\n<p><strong>Les programmes sont adapt\u00e9s \u00e0 toutes les capacit\u00e9s et se d\u00e9roulent dans des contextes scolaires et communautaires. Une tranche d\u2019\u00e2ge typique est de 5 \u00e0 10 ans.<\/strong><\/p>\n<p>[\/et_pb_toggle][et_pb_toggle title=\u00a0\u00bbNiveau 4&Prime; closed_toggle_text_color=\u00a0\u00bb#16181a\u00a0\u00bb _builder_version=\u00a0\u00bb4.14.7&Prime; _module_preset=\u00a0\u00bbdefault\u00a0\u00bb body_text_color=\u00a0\u00bb#16181a\u00a0\u00bb vertical_offset_tablet=\u00a0\u00bb0&Prime; horizontal_offset_tablet=\u00a0\u00bb0&Prime; title_text_shadow_horizontal_length_tablet=\u00a0\u00bb0px\u00a0\u00bb title_text_shadow_vertical_length_tablet=\u00a0\u00bb0px\u00a0\u00bb title_text_shadow_blur_strength_tablet=\u00a0\u00bb1px\u00a0\u00bb closed_title_text_shadow_horizontal_length_tablet=\u00a0\u00bb0px\u00a0\u00bb closed_title_text_shadow_vertical_length_tablet=\u00a0\u00bb0px\u00a0\u00bb closed_title_text_shadow_blur_strength_tablet=\u00a0\u00bb1px\u00a0\u00bb body_text_shadow_horizontal_length_tablet=\u00a0\u00bb0px\u00a0\u00bb body_text_shadow_vertical_length_tablet=\u00a0\u00bb0px\u00a0\u00bb body_text_shadow_blur_strength_tablet=\u00a0\u00bb1px\u00a0\u00bb body_link_text_shadow_horizontal_length_tablet=\u00a0\u00bb0px\u00a0\u00bb body_link_text_shadow_vertical_length_tablet=\u00a0\u00bb0px\u00a0\u00bb body_link_text_shadow_blur_strength_tablet=\u00a0\u00bb1px\u00a0\u00bb body_ul_text_shadow_horizontal_length_tablet=\u00a0\u00bb0px\u00a0\u00bb body_ul_text_shadow_vertical_length_tablet=\u00a0\u00bb0px\u00a0\u00bb body_ul_text_shadow_blur_strength_tablet=\u00a0\u00bb1px\u00a0\u00bb body_ol_text_shadow_horizontal_length_tablet=\u00a0\u00bb0px\u00a0\u00bb body_ol_text_shadow_vertical_length_tablet=\u00a0\u00bb0px\u00a0\u00bb body_ol_text_shadow_blur_strength_tablet=\u00a0\u00bb1px\u00a0\u00bb body_quote_text_shadow_horizontal_length_tablet=\u00a0\u00bb0px\u00a0\u00bb body_quote_text_shadow_vertical_length_tablet=\u00a0\u00bb0px\u00a0\u00bb body_quote_text_shadow_blur_strength_tablet=\u00a0\u00bb1px\u00a0\u00bb box_shadow_horizontal_tablet=\u00a0\u00bb0px\u00a0\u00bb box_shadow_vertical_tablet=\u00a0\u00bb0px\u00a0\u00bb box_shadow_blur_tablet=\u00a0\u00bb40px\u00a0\u00bb box_shadow_spread_tablet=\u00a0\u00bb0px\u00a0\u00bb text_shadow_horizontal_length_tablet=\u00a0\u00bb0px\u00a0\u00bb text_shadow_vertical_length_tablet=\u00a0\u00bb0px\u00a0\u00bb text_shadow_blur_strength_tablet=\u00a0\u00bb1px\u00a0\u00bb global_colors_info=\u00a0\u00bb{}\u00a0\u00bb]<\/p>\n<p><strong>Couleur :<\/strong>\u00a0Noir<\/p>\n<p><strong>Difficult\u00e9 :<\/strong>\u00a0Avanc\u00e9e<\/p>\n<p><strong>Description :<\/strong>\u00a0Pr\u00eat pour de nouveaux d\u00e9fis<\/p>\n<p><strong>Capacit\u00e9s\u2026\u00a0<\/strong><\/p>\n<ul>\n<li>Soulever la roue avant<\/li>\n<li>Taper du pied en faisant du v\u00e9lo<\/li>\n<li>Mettre la main sur l\u2019\u00e9paule de son partenaire \u00e0 v\u00e9lo<\/li>\n<\/ul>\n<p><strong>Les programmes sont orient\u00e9s vers les cyclistes avanc\u00e9s et se d\u00e9roulent dans des contextes communautaires. Une tranche d\u2019\u00e2ge typique est de 8 \u00e0 12 ans.<\/strong><\/p>\n<p>[\/et_pb_toggle][et_pb_toggle title=\u00a0\u00bbNiveau 5&Prime; open_toggle_text_color=\u00a0\u00bb#16181A\u00a0\u00bb closed_toggle_text_color=\u00a0\u00bb#16181A\u00a0\u00bb _builder_version=\u00a0\u00bb4.14.7&Prime; _module_preset=\u00a0\u00bbdefault\u00a0\u00bb title_text_color=\u00a0\u00bb#16181A\u00a0\u00bb body_text_color=\u00a0\u00bb#16181A\u00a0\u00bb hover_enabled=\u00a0\u00bb0&Prime; global_colors_info=\u00a0\u00bb{}\u00a0\u00bb sticky_enabled=\u00a0\u00bb0&Prime;]<\/p>\n<p><strong>Couleur :<\/strong>\u00a0Rouge<\/p>\n<p><strong>Difficult\u00e9 :<\/strong>\u00a0Club<\/p>\n<p><strong>Description :<\/strong>\u00a0Cherche un groupe cycliste<\/p>\n<p><strong>Capacit\u00e9s\u2026<\/strong><\/p>\n<ul>\n<li>Arr\u00eater et repartir avec une main sur la t\u00eate<\/li>\n<li>Arr\u00eater et repartir sur une colline escarp\u00e9e<\/li>\n<li>Rouler \u00e0 c\u00f4t\u00e9\/derri\u00e8re un partenaire<\/li>\n<\/ul>\n<p><strong>Les programmes sont orient\u00e9s vers les cyclistes avanc\u00e9s et se d\u00e9roulent dans des contextes communautaires. Une tranche d\u2019\u00e2ge typique est de 9 \u00e0 15 ans.<\/strong><\/p>\n<p>[\/et_pb_toggle][\/et_pb_column][\/et_pb_row][et_pb_row _builder_version=\u00a0\u00bb4.14.3&Prime; _module_preset=\u00a0\u00bbdefault\u00a0\u00bb global_colors_info=\u00a0\u00bb{}\u00a0\u00bb][et_pb_column type=\u00a0\u00bb4_4&Prime; _builder_version=\u00a0\u00bb4.14.3&Prime; _module_preset=\u00a0\u00bbdefault\u00a0\u00bb global_colors_info=\u00a0\u00bb{}\u00a0\u00bb][et_pb_button button_url=\u00a0\u00bbhttps:\/\/hoponcanada.ca\/wp-content\/uploads\/2022\/01\/HopOn-Level-FR-Jan-2022.png\u00a0\u00bb url_new_window=\u00a0\u00bbon\u00a0\u00bb button_text=\u00a0\u00bbCLIQUEZ ICI POUR VOIR L&rsquo;IMAGE\u00a0\u00bb button_alignment=\u00a0\u00bbcenter\u00a0\u00bb _builder_version=\u00a0\u00bb4.14.7&Prime; _module_preset=\u00a0\u00bbdefault\u00a0\u00bb custom_button=\u00a0\u00bbon\u00a0\u00bb button_text_color=\u00a0\u00bb#FFFFFF\u00a0\u00bb button_bg_color=\u00a0\u00bb#E12A29&Prime; global_colors_info=\u00a0\u00bb{}\u00a0\u00bb]<br \/>\n[\/et_pb_button][\/et_pb_column][\/et_pb_row][\/et_pb_section]<\/p>\n","protected":false},"excerpt":{"rendered":"<p>NiveauxLe programme Embarquez utilise un syst\u00e8me de niveaux avec un code de couleurs pour aider \u00e0 identifier les niveaux de comp\u00e9tence des diff\u00e9rents participants. La programmation sera adapt\u00e9e sur une base individuelle afin que tous les participants puissent \u00eatre mis au d\u00e9fi et apprendre. Ces niveaux aident aussi les parents \u00e0 savoir \u00e0 quels types [&hellip;]<\/p>\n","protected":false},"author":7,"featured_media":0,"parent":0,"menu_order":0,"comment_status":"closed","ping_status":"closed","template":"","meta":{"_et_pb_use_builder":"on","_et_pb_old_content":"<p>[et_pb_section fb_built=\"1\" _builder_version=\"4.14.3\" _module_preset=\"default\" background_image=\"https:\/\/hoponcanada.ca\/wp-content\/uploads\/2020\/02\/kids-iride-bg.jpg\" background_position=\"top_center\" custom_padding=\"25px||25px||true|false\" locked=\"off\" global_colors_info=\"{}\"][et_pb_row _builder_version=\"4.14.3\" _module_preset=\"default\" custom_padding=\"50px||50px||true|false\" border_width_top=\"5px\" border_color_top=\"#FFFFFF\" border_width_bottom=\"5px\" border_color_bottom=\"#F4F4F4\" global_colors_info=\"{}\"][et_pb_column type=\"4_4\" _builder_version=\"4.14.3\" _module_preset=\"default\" global_colors_info=\"{}\"][et_pb_text admin_label=\"title: Get Kids Cycling\" _builder_version=\"4.14.3\" _module_preset=\"default\" header_font_size=\"5.5em\" background_layout=\"dark\" global_colors_info=\"{}\"]<\/p><h1 style=\"text-align: center;\">Levels<\/h1><p>[\/et_pb_text][\/et_pb_column][\/et_pb_row][\/et_pb_section][et_pb_section fb_built=\"1\" _builder_version=\"4.14.3\" _module_preset=\"default\" global_colors_info=\"{}\"][et_pb_row _builder_version=\"4.14.3\" _module_preset=\"default\" global_colors_info=\"{}\"][et_pb_column type=\"4_4\" _builder_version=\"4.14.3\" _module_preset=\"default\" global_colors_info=\"{}\"][et_pb_text _builder_version=\"4.14.3\" _module_preset=\"default\" text_font=\"Poppins|500|||||||\" text_text_color=\"#16181A\" global_colors_info=\"{}\"]<\/p><p>The HopOn program uses a colour-coded levels system to help identify the skill levels of different riders. Programming will be adapted on an individual basis so that all participants can be challenged and learn.<\/p><p>These levels also help parents know what types of programs they should be looking at for their kids.<\/p><p>[\/et_pb_text][\/et_pb_column][\/et_pb_row][et_pb_row _builder_version=\"4.14.3\" _module_preset=\"default\" global_colors_info=\"{}\"][et_pb_column type=\"4_4\" _builder_version=\"4.14.3\" _module_preset=\"default\" global_colors_info=\"{}\"][et_pb_toggle title=\"Level 1\" closed_toggle_text_color=\"#16181A\" _builder_version=\"4.14.3\" _module_preset=\"default\" body_text_color=\"#16181A\" global_colors_info=\"{}\"]<\/p><p><strong>Colour:<\/strong>\u00a0Yellow<\/p><p><strong>Difficulty:<\/strong>\u00a0Novice<\/p><p><strong>Rider Type:<\/strong>\u00a0New to Pedaling<\/p><p><strong>I can\u2026\u00a0<\/strong><\/p><ul><li>Ride a two-wheel bike 60 pedal strokes without stopping<\/li><\/ul><p><strong>Programs are designed for beginners and happen in school and community settings. A typical age range for this level is 3-8.<\/strong><\/p><p>[\/et_pb_toggle][et_pb_toggle title=\"Level 2\" closed_toggle_text_color=\"#16181A\" _builder_version=\"4.14.3\" _module_preset=\"default\" body_text_color=\"#16181A\" global_colors_info=\"{}\"]<\/p><p><strong>Colour:<\/strong>\u00a0Green<\/p><p><strong>Difficulty:<\/strong>\u00a0Beginner<\/p><p><strong>Rider Type:<\/strong>\u00a0Comfortable on Grass Fields<\/p><p><strong>I can\u2026<\/strong><\/p><ul><li>Stop & start quickly<\/li><li>Change gears<\/li><li>Tap head with hand while riding<\/li><\/ul><p><strong>Programs are designed for beginners and happen in school and community settings. A typical age range for this level is 4-9.<\/strong><\/p><p>[\/et_pb_toggle][et_pb_toggle title=\"Level 3\" closed_toggle_text_color=\"#16181A\" _builder_version=\"4.14.3\" _module_preset=\"default\" body_text_color=\"#16181A\" global_colors_info=\"{}\"]<\/p><p><strong>Colour:<\/strong>\u00a0Blue<\/p><p><strong>Difficulty:<\/strong>\u00a0Intermediate<\/p><p><strong>Rider Type:<\/strong>\u00a0Introduction to forest trails<\/p><p><strong>I can\u2026\u00a0<\/strong><\/p><ul><li>Turn quickly<\/li><li>Look behind while riding straight<\/li><li>Roll off a sidewalk curb<\/li><\/ul><p><strong>Programs are designed for all types of riders provided that they are comfortable. Courses happen in schools and in communities. A typical age range for this level is 5-10.<\/strong><\/p><p>[\/et_pb_toggle][et_pb_toggle title=\"Level 4\" closed_toggle_text_color=\"#16181A\" _builder_version=\"4.14.3\" _module_preset=\"default\" body_text_color=\"#16181A\" global_colors_info=\"{}\"]<\/p><p><strong>Colour:<\/strong>\u00a0Black<\/p><p><strong>Difficulty:<\/strong>\u00a0Advanced<\/p><p><strong>Rider Type:<\/strong>\u00a0Ready for New Challenges<\/p><p><strong>I can\u2026\u00a0<\/strong><\/p><ul><li>Lift front wheel<\/li><li>Tap foot while riding<\/li><li>Put hand on partner\u2019s shoulder<\/li><\/ul><p><strong>Programs are designed for advanced riders and happen in community settings. A typical age range for this level is 8-12.<\/strong><\/p><p>[\/et_pb_toggle][et_pb_toggle title=\"Level 5\" closed_toggle_text_color=\"#16181A\" _builder_version=\"4.14.3\" _module_preset=\"default\" body_text_color=\"#16181A\" global_colors_info=\"{}\"]<\/p><p><strong>Colour:<\/strong>\u00a0Red<\/p><p><strong>Difficulty:<\/strong>\u00a0Club<\/p><p><strong>Rider Type:<\/strong>\u00a0Seeking a Riding Group<\/p><p><strong>I can\u2026<\/strong><\/p><ul><li>Stopn\u2019 go with one hand on head<br \/>Stop\u2019n go on steep hill<br \/>Ride beside\/behind a partner<\/li><\/ul><p><strong>Programs are designed for advanced riders and happen in community settings. A typical age range for this level is 9-15.<\/strong><\/p><p>[\/et_pb_toggle][\/et_pb_column][\/et_pb_row][et_pb_row _builder_version=\"4.14.3\" _module_preset=\"default\" global_colors_info=\"{}\"][et_pb_column type=\"4_4\" _builder_version=\"4.14.3\" _module_preset=\"default\" global_colors_info=\"{}\"][et_pb_button button_url=\"https:\/\/hoponcanada.ca\/wp-content\/uploads\/2022\/01\/HopOn-levels-EN-Jan-2022.png\" url_new_window=\"on\" button_text=\"CLICK HERE FOR IMAGE VIEW\" button_alignment=\"center\" _builder_version=\"4.14.3\" _module_preset=\"default\" custom_button=\"on\" button_text_color=\"#FFFFFF\" button_bg_color=\"#E12A29\" hover_enabled=\"0\" global_colors_info=\"{}\" sticky_enabled=\"0\"][\/et_pb_button][\/et_pb_column][\/et_pb_row][\/et_pb_section]<\/p>","_et_gb_content_width":"","footnotes":""},"class_list":["post-7481","page","type-page","status-publish","hentry"],"_links":{"self":[{"href":"https:\/\/hoponcanada.ca\/fr\/wp-json\/wp\/v2\/pages\/7481","targetHints":{"allow":["GET"]}}],"collection":[{"href":"https:\/\/hoponcanada.ca\/fr\/wp-json\/wp\/v2\/pages"}],"about":[{"href":"https:\/\/hoponcanada.ca\/fr\/wp-json\/wp\/v2\/types\/page"}],"author":[{"embeddable":true,"href":"https:\/\/hoponcanada.ca\/fr\/wp-json\/wp\/v2\/users\/7"}],"replies":[{"embeddable":true,"href":"https:\/\/hoponcanada.ca\/fr\/wp-json\/wp\/v2\/comments?post=7481"}],"version-history":[{"count":0,"href":"https:\/\/hoponcanada.ca\/fr\/wp-json\/wp\/v2\/pages\/7481\/revisions"}],"wp:attachment":[{"href":"https:\/\/hoponcanada.ca\/fr\/wp-json\/wp\/v2\/media?parent=7481"}],"curies":[{"name":"wp","href":"https:\/\/api.w.org\/{rel}","templated":true}]}}