{"id":7488,"date":"2022-01-06T13:03:22","date_gmt":"2022-01-06T18:03:22","guid":{"rendered":"https:\/\/8d25db18c7.nxcli.net\/how-to-get-started\/"},"modified":"2025-04-02T09:33:59","modified_gmt":"2025-04-02T13:33:59","slug":"how-to-get-started","status":"publish","type":"page","link":"https:\/\/hoponcanada.ca\/fr\/instructeurs\/how-to-get-started\/","title":{"rendered":"Devenir instructeur"},"content":{"rendered":"<p>[et_pb_section fb_built=\u00a0\u00bb1&Prime; _builder_version=\u00a0\u00bb4.16&Prime; _module_preset=\u00a0\u00bbdefault\u00a0\u00bb background_image=\u00a0\u00bbhttps:\/\/hoponcanada.ca\/wp-content\/uploads\/2022\/01\/DSC9557-scaled.jpg\u00a0\u00bb background_position=\u00a0\u00bbbottom_center\u00a0\u00bb custom_margin=\u00a0\u00bb||0px||false|false\u00a0\u00bb custom_padding=\u00a0\u00bb25px||25px||true|false\u00a0\u00bb locked=\u00a0\u00bboff\u00a0\u00bb global_colors_info=\u00a0\u00bb{}\u00a0\u00bb][et_pb_row _builder_version=\u00a0\u00bb4.16&Prime; _module_preset=\u00a0\u00bbdefault\u00a0\u00bb custom_padding=\u00a0\u00bb50px||50px||true|false\u00a0\u00bb border_width_top=\u00a0\u00bb5px\u00a0\u00bb border_color_top=\u00a0\u00bb#FFFFFF\u00a0\u00bb border_width_bottom=\u00a0\u00bb5px\u00a0\u00bb border_color_bottom=\u00a0\u00bb#F4F4F4&Prime; global_colors_info=\u00a0\u00bb{}\u00a0\u00bb][et_pb_column type=\u00a0\u00bb4_4&Prime; _builder_version=\u00a0\u00bb4.16&Prime; _module_preset=\u00a0\u00bbdefault\u00a0\u00bb global_colors_info=\u00a0\u00bb{}\u00a0\u00bb][et_pb_text admin_label=\u00a0\u00bbtitle: Get Kids Cycling\u00a0\u00bb _builder_version=\u00a0\u00bb4.16&Prime; _module_preset=\u00a0\u00bbdefault\u00a0\u00bb header_font_size=\u00a0\u00bb5.5em\u00a0\u00bb background_layout=\u00a0\u00bbdark\u00a0\u00bb header_font_size_tablet=\u00a0\u00bb5.5em\u00a0\u00bb header_font_size_phone=\u00a0\u00bb1.8em\u00a0\u00bb header_font_size_last_edited=\u00a0\u00bbon|phone\u00a0\u00bb global_colors_info=\u00a0\u00bb{}\u00a0\u00bb]<\/p>\n<h1 style=\"text-align: center;\">Devenir instructeur<\/h1>\n<p>[\/et_pb_text][\/et_pb_column][\/et_pb_row][\/et_pb_section][et_pb_section fb_built=\u00a0\u00bb1&Prime; _builder_version=\u00a0\u00bb4.16&Prime; _module_preset=\u00a0\u00bbdefault\u00a0\u00bb global_colors_info=\u00a0\u00bb{}\u00a0\u00bb][et_pb_row _builder_version=\u00a0\u00bb4.16&Prime; _module_preset=\u00a0\u00bbdefault\u00a0\u00bb global_colors_info=\u00a0\u00bb{}\u00a0\u00bb][et_pb_column type=\u00a0\u00bb4_4&Prime; _builder_version=\u00a0\u00bb4.16&Prime; _module_preset=\u00a0\u00bbdefault\u00a0\u00bb global_colors_info=\u00a0\u00bb{}\u00a0\u00bb][et_pb_text _builder_version=\u00a0\u00bb4.21.0&Prime; _module_preset=\u00a0\u00bbdefault\u00a0\u00bb text_text_color=\u00a0\u00bb#16181A\u00a0\u00bb global_colors_info=\u00a0\u00bb{}\u00a0\u00bb]<\/p>\n<h3>Vous voulez devenir instructeur?<\/h3>\n<p>Tous les instructeurs doivent suivre une gamme de cours de formation du PNCE, ainsi que le module d&rsquo;apprentissage en ligne Embarquez et l&rsquo;orientation en personne. Au total, il y a six cours\/modules \u00e0 suivre\u00a0:<\/p>\n<ul>\n<li>Formation en ligne Initiation \u00e0 l\u2019entra\u00eenement sportif PNCE (<a href=\"https:\/\/coach.ca\/fr\/module\/initiation-lentrainement-sportif-pnce\" target=\"_blank\" rel=\"noopener\"><span style=\"color: #ff0000;\">disponible en ligne<\/span><\/a> ; 45 minutes)<\/li>\n<li>Formation en ligne Embarquez (inscrivez-vous aupr\u00e8s de votre association provinciale ou territoriale de cyclisme ; <span style=\"color: #ff0000;\"><a href=\"https:\/\/edu.cyclingcanada.ca\/mod?mod=JFxpfOq\" target=\"_blank\" rel=\"noopener\" style=\"color: #ff0000;\">disponible en ligne<\/a><\/span>; 4 heures)<\/li>\n<li>Orientation Embarquez (en personne; inscrivez-vous aupr\u00e8s de votre association provinciale ou territoriale de cyclisme (8 heures)<\/li>\n<\/ul>\n<p>Noter que les provinces et les territoires peuvent exiger que les instructeurs suivent \u00e9galement la<span style=\"color: #ff0000;\"><a href=\"https:\/\/coach.ca\/fr\/securite-dans-le-sport\/formation-sur-la-securite-dans-le-sport\" target=\"_blank\" rel=\"noopener\" style=\"color: #ff0000;\"> formation en ligne sur la s\u00e9curit\u00e9 dans le sport du PNCE<\/a><\/span> et\/ou le module <span style=\"color: #ff0000;\"><a href=\"https:\/\/french.respectgroupinc.com\/respect-et-sport\/#leaders-dactivit%C3%A9\" target=\"_blank\" rel=\"noopener\" style=\"color: #ff0000;\">Respect et sport pour les leaders d&rsquo;activit\u00e9<\/a><\/span>, ainsi qu&rsquo;une v\u00e9rification des ant\u00e9c\u00e9dents.<\/p>\n<p>Les instructeurs doivent \u00eatre \u00e2g\u00e9s d&rsquo;au moins 14 ans.<\/p>\n<p>Si vous \u00eates membre d&rsquo;une communaut\u00e9 noire ou autochtone, vous pourriez \u00eatre admissible \u00e0 un financement pour soutenir votre formation d&rsquo;instructeur. Vous pouvez postuler en utilisant le <span style=\"color: #ff0000;\"><a href=\"https:\/\/hoponcanada.ca\/wp-content\/uploads\/2022\/07\/B.I.CYCLE-Application-pour-les-entraineurs.pdf\" style=\"color: #ff0000;\" target=\"_blank\" rel=\"noopener\">formulaire de candidature ici<\/a><\/span>.<\/p>\n<p>Int\u00e9ress\u00e9 \u00e0 devenir instructeur? Contactez le <a href=\"https:\/\/embarquezcanada.ca\/nous-contacter\/\"><span style=\"color: #ff0000;\">bureau national de Cyclisme Canada<\/span><\/a> et nous vous mettrons en contact avec le responsable Embarquez de votre r\u00e9gion.<\/p>\n<p>[\/et_pb_text][et_pb_text _builder_version=\u00a0\u00bb4.21.0&Prime; _module_preset=\u00a0\u00bbdefault\u00a0\u00bb text_text_color=\u00a0\u00bb#16181a\u00a0\u00bb vertical_offset_tablet=\u00a0\u00bb0&Prime; horizontal_offset_tablet=\u00a0\u00bb0&Prime; hover_enabled=\u00a0\u00bb0&Prime; z_index_tablet=\u00a0\u00bb0&Prime; text_text_shadow_horizontal_length_tablet=\u00a0\u00bb0px\u00a0\u00bb text_text_shadow_vertical_length_tablet=\u00a0\u00bb0px\u00a0\u00bb text_text_shadow_blur_strength_tablet=\u00a0\u00bb1px\u00a0\u00bb link_text_shadow_horizontal_length_tablet=\u00a0\u00bb0px\u00a0\u00bb link_text_shadow_vertical_length_tablet=\u00a0\u00bb0px\u00a0\u00bb link_text_shadow_blur_strength_tablet=\u00a0\u00bb1px\u00a0\u00bb ul_text_shadow_horizontal_length_tablet=\u00a0\u00bb0px\u00a0\u00bb ul_text_shadow_vertical_length_tablet=\u00a0\u00bb0px\u00a0\u00bb ul_text_shadow_blur_strength_tablet=\u00a0\u00bb1px\u00a0\u00bb ol_text_shadow_horizontal_length_tablet=\u00a0\u00bb0px\u00a0\u00bb ol_text_shadow_vertical_length_tablet=\u00a0\u00bb0px\u00a0\u00bb ol_text_shadow_blur_strength_tablet=\u00a0\u00bb1px\u00a0\u00bb quote_text_shadow_horizontal_length_tablet=\u00a0\u00bb0px\u00a0\u00bb quote_text_shadow_vertical_length_tablet=\u00a0\u00bb0px\u00a0\u00bb quote_text_shadow_blur_strength_tablet=\u00a0\u00bb1px\u00a0\u00bb header_text_shadow_horizontal_length_tablet=\u00a0\u00bb0px\u00a0\u00bb header_text_shadow_vertical_length_tablet=\u00a0\u00bb0px\u00a0\u00bb header_text_shadow_blur_strength_tablet=\u00a0\u00bb1px\u00a0\u00bb header_2_text_shadow_horizontal_length_tablet=\u00a0\u00bb0px\u00a0\u00bb header_2_text_shadow_vertical_length_tablet=\u00a0\u00bb0px\u00a0\u00bb header_2_text_shadow_blur_strength_tablet=\u00a0\u00bb1px\u00a0\u00bb header_3_text_shadow_horizontal_length_tablet=\u00a0\u00bb0px\u00a0\u00bb header_3_text_shadow_vertical_length_tablet=\u00a0\u00bb0px\u00a0\u00bb header_3_text_shadow_blur_strength_tablet=\u00a0\u00bb1px\u00a0\u00bb header_4_text_shadow_horizontal_length_tablet=\u00a0\u00bb0px\u00a0\u00bb header_4_text_shadow_vertical_length_tablet=\u00a0\u00bb0px\u00a0\u00bb header_4_text_shadow_blur_strength_tablet=\u00a0\u00bb1px\u00a0\u00bb header_5_text_shadow_horizontal_length_tablet=\u00a0\u00bb0px\u00a0\u00bb header_5_text_shadow_vertical_length_tablet=\u00a0\u00bb0px\u00a0\u00bb header_5_text_shadow_blur_strength_tablet=\u00a0\u00bb1px\u00a0\u00bb header_6_text_shadow_horizontal_length_tablet=\u00a0\u00bb0px\u00a0\u00bb header_6_text_shadow_vertical_length_tablet=\u00a0\u00bb0px\u00a0\u00bb header_6_text_shadow_blur_strength_tablet=\u00a0\u00bb1px\u00a0\u00bb box_shadow_horizontal_tablet=\u00a0\u00bb0px\u00a0\u00bb box_shadow_vertical_tablet=\u00a0\u00bb0px\u00a0\u00bb box_shadow_blur_tablet=\u00a0\u00bb40px\u00a0\u00bb box_shadow_spread_tablet=\u00a0\u00bb0px\u00a0\u00bb global_colors_info=\u00a0\u00bb{}\u00a0\u00bb sticky_enabled=\u00a0\u00bb0&Prime;]<\/p>\n<h3>Vous \u00eates d\u00e9j\u00e0 instructeur?<\/h3>\n<p>Consultez les ressources pour instructeurs <a href=\"https:\/\/embarquezcanada.ca\/ressources-instructeurs\/\" target=\"_blank\" rel=\"noopener\"><span style=\"color: #ff0000;\">ici<\/span><\/a>. Le mot de passe devrait vous avoir \u00e9t\u00e9 fourni \u00e0 la fin du module d\u2019apprentissage en ligne Embarquez.<\/p>\n<p>[\/et_pb_text][\/et_pb_column][\/et_pb_row][\/et_pb_section]<\/p>\n","protected":false},"excerpt":{"rendered":"<p>Devenir instructeurVous voulez devenir instructeur? Tous les instructeurs doivent suivre une gamme de cours de formation du PNCE, ainsi que le module d&rsquo;apprentissage en ligne Embarquez et l&rsquo;orientation en personne. Au total, il y a six cours\/modules \u00e0 suivre\u00a0: Formation en ligne Initiation \u00e0 l\u2019entra\u00eenement sportif PNCE (disponible en ligne ; 45 minutes) Formation en [&hellip;]<\/p>\n","protected":false},"author":7,"featured_media":0,"parent":7654,"menu_order":0,"comment_status":"closed","ping_status":"closed","template":"","meta":{"_et_pb_use_builder":"on","_et_pb_old_content":"","_et_gb_content_width":"","footnotes":""},"class_list":["post-7488","page","type-page","status-publish","hentry"],"_links":{"self":[{"href":"https:\/\/hoponcanada.ca\/fr\/wp-json\/wp\/v2\/pages\/7488","targetHints":{"allow":["GET"]}}],"collection":[{"href":"https:\/\/hoponcanada.ca\/fr\/wp-json\/wp\/v2\/pages"}],"about":[{"href":"https:\/\/hoponcanada.ca\/fr\/wp-json\/wp\/v2\/types\/page"}],"author":[{"embeddable":true,"href":"https:\/\/hoponcanada.ca\/fr\/wp-json\/wp\/v2\/users\/7"}],"replies":[{"embeddable":true,"href":"https:\/\/hoponcanada.ca\/fr\/wp-json\/wp\/v2\/comments?post=7488"}],"version-history":[{"count":7,"href":"https:\/\/hoponcanada.ca\/fr\/wp-json\/wp\/v2\/pages\/7488\/revisions"}],"predecessor-version":[{"id":9301,"href":"https:\/\/hoponcanada.ca\/fr\/wp-json\/wp\/v2\/pages\/7488\/revisions\/9301"}],"up":[{"embeddable":true,"href":"https:\/\/hoponcanada.ca\/fr\/wp-json\/wp\/v2\/pages\/7654"}],"wp:attachment":[{"href":"https:\/\/hoponcanada.ca\/fr\/wp-json\/wp\/v2\/media?parent=7488"}],"curies":[{"name":"wp","href":"https:\/\/api.w.org\/{rel}","templated":true}]}}