{"id":8270,"date":"2022-03-29T13:06:57","date_gmt":"2022-03-29T17:06:57","guid":{"rendered":"https:\/\/hoponcanada.ca\/community-partners\/"},"modified":"2023-01-27T16:48:59","modified_gmt":"2023-01-27T21:48:59","slug":"partenaires-communautaires","status":"publish","type":"page","link":"https:\/\/hoponcanada.ca\/fr\/partenaires-communautaires\/","title":{"rendered":"Partenaires communautaires"},"content":{"rendered":"<p>[et_pb_section fb_built=\u00a0\u00bb1&Prime; _builder_version=\u00a0\u00bb4.16&Prime; _module_preset=\u00a0\u00bbdefault\u00a0\u00bb global_colors_info=\u00a0\u00bb{}\u00a0\u00bb][et_pb_row _builder_version=\u00a0\u00bb4.16&Prime; _module_preset=\u00a0\u00bbdefault\u00a0\u00bb global_colors_info=\u00a0\u00bb{}\u00a0\u00bb][et_pb_column type=\u00a0\u00bb4_4&Prime; _builder_version=\u00a0\u00bb4.16&Prime; _module_preset=\u00a0\u00bbdefault\u00a0\u00bb global_colors_info=\u00a0\u00bb{}\u00a0\u00bb][et_pb_text _builder_version=\u00a0\u00bb4.19.4&Prime; _module_preset=\u00a0\u00bbdefault\u00a0\u00bb text_text_color=\u00a0\u00bb#16181A\u00a0\u00bb header_3_text_color=\u00a0\u00bb#E12A29&Prime; hover_enabled=\u00a0\u00bb0&Prime; global_colors_info=\u00a0\u00bb{}\u00a0\u00bb sticky_enabled=\u00a0\u00bb0&Prime;]<\/p>\n<h3>Partenaires communautaires<\/h3>\n<p><a href=\"https:\/\/embarquezcanada.ca\/black-and-indigenous-cycle-b-i-cycle\/\/\"><strong><span style=\"color: #ff0000;\">\u00a0B.I.CYCLE<\/span><\/strong><\/a><\/p>\n<p>Plus \u00e0 venir! Contactez<span style=\"color: #ff0000;\"><a href=\"https:\/\/embarquezcanada.ca\/nous-contacter\/\" style=\"color: #ff0000;\"> notre bureau<\/a><\/span> si vous \u00eates int\u00e9ress\u00e9 \u00e0 devenir un partenaire communautaires d&rsquo;Embarquez. Test.<\/p>\n<p>[\/et_pb_text][\/et_pb_column][\/et_pb_row][\/et_pb_section]<\/p>\n","protected":false},"excerpt":{"rendered":"<p>Partenaires communautaires \u00a0B.I.CYCLE Plus \u00e0 venir! Contactez notre bureau si vous \u00eates int\u00e9ress\u00e9 \u00e0 devenir un partenaire communautaires d&rsquo;Embarquez. Test.<\/p>\n","protected":false},"author":7,"featured_media":0,"parent":0,"menu_order":0,"comment_status":"closed","ping_status":"closed","template":"","meta":{"_et_pb_use_builder":"on","_et_pb_old_content":"","_et_gb_content_width":"","footnotes":""},"class_list":["post-8270","page","type-page","status-publish","hentry"],"_links":{"self":[{"href":"https:\/\/hoponcanada.ca\/fr\/wp-json\/wp\/v2\/pages\/8270","targetHints":{"allow":["GET"]}}],"collection":[{"href":"https:\/\/hoponcanada.ca\/fr\/wp-json\/wp\/v2\/pages"}],"about":[{"href":"https:\/\/hoponcanada.ca\/fr\/wp-json\/wp\/v2\/types\/page"}],"author":[{"embeddable":true,"href":"https:\/\/hoponcanada.ca\/fr\/wp-json\/wp\/v2\/users\/7"}],"replies":[{"embeddable":true,"href":"https:\/\/hoponcanada.ca\/fr\/wp-json\/wp\/v2\/comments?post=8270"}],"version-history":[{"count":3,"href":"https:\/\/hoponcanada.ca\/fr\/wp-json\/wp\/v2\/pages\/8270\/revisions"}],"predecessor-version":[{"id":8547,"href":"https:\/\/hoponcanada.ca\/fr\/wp-json\/wp\/v2\/pages\/8270\/revisions\/8547"}],"wp:attachment":[{"href":"https:\/\/hoponcanada.ca\/fr\/wp-json\/wp\/v2\/media?parent=8270"}],"curies":[{"name":"wp","href":"https:\/\/api.w.org\/{rel}","templated":true}]}}