{"id":8715,"date":"2023-05-01T09:41:56","date_gmt":"2023-05-01T13:41:56","guid":{"rendered":"https:\/\/hoponcanada.ca\/?page_id=8715"},"modified":"2024-09-11T11:07:25","modified_gmt":"2024-09-11T15:07:25","slug":"education-olympique","status":"publish","type":"page","link":"https:\/\/hoponcanada.ca\/fr\/education-olympique\/","title":{"rendered":"\u00c9ducation Olympique"},"content":{"rendered":"<p>[et_pb_section fb_built=\u00a0\u00bb1&Prime; _builder_version=\u00a0\u00bb4.21.0&Prime; _module_preset=\u00a0\u00bbdefault\u00a0\u00bb background_image=\u00a0\u00bbhttps:\/\/hoponcanada.ca\/wp-content\/uploads\/2024\/08\/NS-Goofy-shirts-and-bottles-2024-scaled.jpeg\u00a0\u00bb custom_padding=\u00a0\u00bb25px||25px||true|false\u00a0\u00bb hover_enabled=\u00a0\u00bb0&Prime; locked=\u00a0\u00bboff\u00a0\u00bb global_colors_info=\u00a0\u00bb{}\u00a0\u00bb title_text=\u00a0\u00bbNS Goofy shirts and bottles 2024&Prime; sticky_enabled=\u00a0\u00bb0&Prime;][et_pb_row _builder_version=\u00a0\u00bb4.16&Prime; _module_preset=\u00a0\u00bbdefault\u00a0\u00bb custom_padding=\u00a0\u00bb50px||50px||true|false\u00a0\u00bb border_width_top=\u00a0\u00bb5px\u00a0\u00bb border_color_top=\u00a0\u00bb#FFFFFF\u00a0\u00bb border_width_bottom=\u00a0\u00bb5px\u00a0\u00bb border_color_bottom=\u00a0\u00bb#F4F4F4&Prime; global_colors_info=\u00a0\u00bb{}\u00a0\u00bb][et_pb_column type=\u00a0\u00bb4_4&Prime; _builder_version=\u00a0\u00bb4.16&Prime; _module_preset=\u00a0\u00bbdefault\u00a0\u00bb global_colors_info=\u00a0\u00bb{}\u00a0\u00bb][et_pb_text admin_label=\u00a0\u00bbtitle: Get Kids Cycling\u00a0\u00bb _builder_version=\u00a0\u00bb4.19.4&Prime; _module_preset=\u00a0\u00bbdefault\u00a0\u00bb header_font_size=\u00a0\u00bb5.5em\u00a0\u00bb vertical_offset_tablet=\u00a0\u00bb0&Prime; horizontal_offset_tablet=\u00a0\u00bb0&Prime; background_layout=\u00a0\u00bbdark\u00a0\u00bb z_index_tablet=\u00a0\u00bb0&Prime; text_text_shadow_horizontal_length_tablet=\u00a0\u00bb0px\u00a0\u00bb text_text_shadow_vertical_length_tablet=\u00a0\u00bb0px\u00a0\u00bb text_text_shadow_blur_strength_tablet=\u00a0\u00bb1px\u00a0\u00bb link_text_shadow_horizontal_length_tablet=\u00a0\u00bb0px\u00a0\u00bb link_text_shadow_vertical_length_tablet=\u00a0\u00bb0px\u00a0\u00bb link_text_shadow_blur_strength_tablet=\u00a0\u00bb1px\u00a0\u00bb ul_text_shadow_horizontal_length_tablet=\u00a0\u00bb0px\u00a0\u00bb ul_text_shadow_vertical_length_tablet=\u00a0\u00bb0px\u00a0\u00bb ul_text_shadow_blur_strength_tablet=\u00a0\u00bb1px\u00a0\u00bb ol_text_shadow_horizontal_length_tablet=\u00a0\u00bb0px\u00a0\u00bb ol_text_shadow_vertical_length_tablet=\u00a0\u00bb0px\u00a0\u00bb ol_text_shadow_blur_strength_tablet=\u00a0\u00bb1px\u00a0\u00bb quote_text_shadow_horizontal_length_tablet=\u00a0\u00bb0px\u00a0\u00bb quote_text_shadow_vertical_length_tablet=\u00a0\u00bb0px\u00a0\u00bb quote_text_shadow_blur_strength_tablet=\u00a0\u00bb1px\u00a0\u00bb header_text_shadow_horizontal_length_tablet=\u00a0\u00bb0px\u00a0\u00bb header_text_shadow_vertical_length_tablet=\u00a0\u00bb0px\u00a0\u00bb header_text_shadow_blur_strength_tablet=\u00a0\u00bb1px\u00a0\u00bb header_2_text_shadow_horizontal_length_tablet=\u00a0\u00bb0px\u00a0\u00bb header_2_text_shadow_vertical_length_tablet=\u00a0\u00bb0px\u00a0\u00bb header_2_text_shadow_blur_strength_tablet=\u00a0\u00bb1px\u00a0\u00bb header_3_text_shadow_horizontal_length_tablet=\u00a0\u00bb0px\u00a0\u00bb header_3_text_shadow_vertical_length_tablet=\u00a0\u00bb0px\u00a0\u00bb header_3_text_shadow_blur_strength_tablet=\u00a0\u00bb1px\u00a0\u00bb header_4_text_shadow_horizontal_length_tablet=\u00a0\u00bb0px\u00a0\u00bb header_4_text_shadow_vertical_length_tablet=\u00a0\u00bb0px\u00a0\u00bb header_4_text_shadow_blur_strength_tablet=\u00a0\u00bb1px\u00a0\u00bb header_5_text_shadow_horizontal_length_tablet=\u00a0\u00bb0px\u00a0\u00bb header_5_text_shadow_vertical_length_tablet=\u00a0\u00bb0px\u00a0\u00bb header_5_text_shadow_blur_strength_tablet=\u00a0\u00bb1px\u00a0\u00bb header_6_text_shadow_horizontal_length_tablet=\u00a0\u00bb0px\u00a0\u00bb header_6_text_shadow_vertical_length_tablet=\u00a0\u00bb0px\u00a0\u00bb header_6_text_shadow_blur_strength_tablet=\u00a0\u00bb1px\u00a0\u00bb box_shadow_horizontal_tablet=\u00a0\u00bb0px\u00a0\u00bb box_shadow_vertical_tablet=\u00a0\u00bb0px\u00a0\u00bb box_shadow_blur_tablet=\u00a0\u00bb40px\u00a0\u00bb box_shadow_spread_tablet=\u00a0\u00bb0px\u00a0\u00bb global_colors_info=\u00a0\u00bb{}\u00a0\u00bb]<\/p>\n<h1 style=\"text-align: center;\">\u00c9ducation Olympique<\/h1>\n<p>[\/et_pb_text][\/et_pb_column][\/et_pb_row][\/et_pb_section][et_pb_section fb_built=\u00a0\u00bb1&Prime; _builder_version=\u00a0\u00bb4.19.4&Prime; _module_preset=\u00a0\u00bbdefault\u00a0\u00bb global_colors_info=\u00a0\u00bb{}\u00a0\u00bb][et_pb_row _builder_version=\u00a0\u00bb4.19.4&Prime; _module_preset=\u00a0\u00bbdefault\u00a0\u00bb global_colors_info=\u00a0\u00bb{}\u00a0\u00bb][et_pb_column type=\u00a0\u00bb4_4&Prime; _builder_version=\u00a0\u00bb4.19.4&Prime; _module_preset=\u00a0\u00bbdefault\u00a0\u00bb global_colors_info=\u00a0\u00bb{}\u00a0\u00bb][et_pb_text _builder_version=\u00a0\u00bb4.19.4&Prime; _module_preset=\u00a0\u00bbdefault\u00a0\u00bb vertical_offset_tablet=\u00a0\u00bb0&Prime; horizontal_offset_tablet=\u00a0\u00bb0&Prime; z_index_tablet=\u00a0\u00bb0&Prime; text_text_shadow_horizontal_length_tablet=\u00a0\u00bb0px\u00a0\u00bb text_text_shadow_vertical_length_tablet=\u00a0\u00bb0px\u00a0\u00bb text_text_shadow_blur_strength_tablet=\u00a0\u00bb1px\u00a0\u00bb link_text_shadow_horizontal_length_tablet=\u00a0\u00bb0px\u00a0\u00bb link_text_shadow_vertical_length_tablet=\u00a0\u00bb0px\u00a0\u00bb link_text_shadow_blur_strength_tablet=\u00a0\u00bb1px\u00a0\u00bb ul_text_shadow_horizontal_length_tablet=\u00a0\u00bb0px\u00a0\u00bb ul_text_shadow_vertical_length_tablet=\u00a0\u00bb0px\u00a0\u00bb ul_text_shadow_blur_strength_tablet=\u00a0\u00bb1px\u00a0\u00bb ol_text_shadow_horizontal_length_tablet=\u00a0\u00bb0px\u00a0\u00bb ol_text_shadow_vertical_length_tablet=\u00a0\u00bb0px\u00a0\u00bb ol_text_shadow_blur_strength_tablet=\u00a0\u00bb1px\u00a0\u00bb quote_text_shadow_horizontal_length_tablet=\u00a0\u00bb0px\u00a0\u00bb quote_text_shadow_vertical_length_tablet=\u00a0\u00bb0px\u00a0\u00bb quote_text_shadow_blur_strength_tablet=\u00a0\u00bb1px\u00a0\u00bb header_text_shadow_horizontal_length_tablet=\u00a0\u00bb0px\u00a0\u00bb header_text_shadow_vertical_length_tablet=\u00a0\u00bb0px\u00a0\u00bb header_text_shadow_blur_strength_tablet=\u00a0\u00bb1px\u00a0\u00bb header_2_text_shadow_horizontal_length_tablet=\u00a0\u00bb0px\u00a0\u00bb header_2_text_shadow_vertical_length_tablet=\u00a0\u00bb0px\u00a0\u00bb header_2_text_shadow_blur_strength_tablet=\u00a0\u00bb1px\u00a0\u00bb header_3_text_shadow_horizontal_length_tablet=\u00a0\u00bb0px\u00a0\u00bb header_3_text_shadow_vertical_length_tablet=\u00a0\u00bb0px\u00a0\u00bb header_3_text_shadow_blur_strength_tablet=\u00a0\u00bb1px\u00a0\u00bb header_4_text_shadow_horizontal_length_tablet=\u00a0\u00bb0px\u00a0\u00bb header_4_text_shadow_vertical_length_tablet=\u00a0\u00bb0px\u00a0\u00bb header_4_text_shadow_blur_strength_tablet=\u00a0\u00bb1px\u00a0\u00bb header_5_text_shadow_horizontal_length_tablet=\u00a0\u00bb0px\u00a0\u00bb header_5_text_shadow_vertical_length_tablet=\u00a0\u00bb0px\u00a0\u00bb header_5_text_shadow_blur_strength_tablet=\u00a0\u00bb1px\u00a0\u00bb header_6_text_shadow_horizontal_length_tablet=\u00a0\u00bb0px\u00a0\u00bb header_6_text_shadow_vertical_length_tablet=\u00a0\u00bb0px\u00a0\u00bb header_6_text_shadow_blur_strength_tablet=\u00a0\u00bb1px\u00a0\u00bb box_shadow_horizontal_tablet=\u00a0\u00bb0px\u00a0\u00bb box_shadow_vertical_tablet=\u00a0\u00bb0px\u00a0\u00bb box_shadow_blur_tablet=\u00a0\u00bb40px\u00a0\u00bb box_shadow_spread_tablet=\u00a0\u00bb0px\u00a0\u00bb global_colors_info=\u00a0\u00bb{}\u00a0\u00bb]<\/p>\n<h1 class=\"narrow-content-title\"><span style=\"color: #ff0000;\">\u00c0 propos de l\u2019\u00e9ducation olympique<\/span><\/h1>\n<div class=\"wp-block-group is-style-align-small is-layout-flow\">\n<div class=\"wp-block-group__inner-container\">\n<p><span style=\"color: #000000;\">L\u2019\u00e9ducation olympique est fond\u00e9e sur une philosophie de vie, l\u2019olympisme, qui int\u00e8gre le sport \u00e0 la culture et \u00e0 l\u2019\u00e9ducation. Gr\u00e2ce \u00e0 un apprentissage fond\u00e9 sur des valeurs, on encourage les participants \u00e0 vivre l\u2019exp\u00e9rience de certaines valeurs, dont l\u2019excellence, le respect et l\u2019amiti\u00e9, tout en d\u00e9veloppant un corps et un esprit \u00e9quilibr\u00e9s.<\/span><\/p>\n<p><span style=\"color: #000000;\">Ayant pour vision d\u2019inspirer la prochaine g\u00e9n\u00e9ration de Canadiens gr\u00e2ce au legs d\u2019\u00c9quipe Canada et des Jeux olympiques, le Comit\u00e9 olympique canadien est reconnu comme un chef de file en mati\u00e8re d\u2019\u00e9ducation olympique et offre gratuitement des programmes mondiaux, notamment le\u00a0<strong>Programme scolaire olympique canadien<\/strong>\u00a0(PSOC).<\/span><\/p>\n<h4 class=\"wp-block-heading\"><span style=\"color: #ff0000;\">Le Programme scolaire olympique canadien<\/span><\/h4>\n<p><span style=\"color: #000000;\">Le PSOC offre plus de 100 ressources gratuites en ligne, con\u00e7ues pour inspirer les \u00e9l\u00e8ves \u00e0 adopter l\u2019esprit olympique dans leur vie quotidienne. Applicables \u00e0 tous les niveaux scolaires, du primaire jusqu\u2019au secondaire, les ressources du PSOC sont fond\u00e9es sur la p\u00e9dagogie et r\u00e9dig\u00e9es par des enseignants pour une mise en \u0153uvre sans effort dans tous les environnements d\u2019apprentissage et de sport.<\/span><\/p>\n<p><span style=\"color: #000000;\">Plus d&rsquo;informations et de ressources sont disponibles <span style=\"color: #ff0000;\"><a href=\"https:\/\/olympique.ca\/education\/\" target=\"_blank\" rel=\"noopener\" style=\"color: #ff0000;\">ici<\/a><\/span>.<\/span><\/p>\n<p><span style=\"color: #000000;\">Vous pouvez consulter la ressource sp\u00e9cifique au cyclisme <span style=\"color: #ff0000;\"><a href=\"https:\/\/olympique.ca\/education\/resources\/cyclisme\/\" target=\"_blank\" rel=\"noopener\" style=\"color: #ff0000;\">ici<\/a><\/span>.<\/span><\/p>\n<\/div>\n<\/div>\n<p>[\/et_pb_text][\/et_pb_column][\/et_pb_row][\/et_pb_section]<\/p>\n","protected":false},"excerpt":{"rendered":"<p>\u00c9ducation Olympique \u00c0 propos de l\u2019\u00e9ducation olympique L\u2019\u00e9ducation olympique est fond\u00e9e sur une philosophie de vie, l\u2019olympisme, qui int\u00e8gre le sport \u00e0 la culture et \u00e0 l\u2019\u00e9ducation. Gr\u00e2ce \u00e0 un apprentissage fond\u00e9 sur des valeurs, on encourage les participants \u00e0 vivre l\u2019exp\u00e9rience de certaines valeurs, dont l\u2019excellence, le respect et l\u2019amiti\u00e9, tout en d\u00e9veloppant un [&hellip;]<\/p>\n","protected":false},"author":7,"featured_media":0,"parent":0,"menu_order":0,"comment_status":"closed","ping_status":"closed","template":"","meta":{"_et_pb_use_builder":"on","_et_pb_old_content":"","_et_gb_content_width":"","footnotes":""},"class_list":["post-8715","page","type-page","status-publish","hentry"],"_links":{"self":[{"href":"https:\/\/hoponcanada.ca\/fr\/wp-json\/wp\/v2\/pages\/8715","targetHints":{"allow":["GET"]}}],"collection":[{"href":"https:\/\/hoponcanada.ca\/fr\/wp-json\/wp\/v2\/pages"}],"about":[{"href":"https:\/\/hoponcanada.ca\/fr\/wp-json\/wp\/v2\/types\/page"}],"author":[{"embeddable":true,"href":"https:\/\/hoponcanada.ca\/fr\/wp-json\/wp\/v2\/users\/7"}],"replies":[{"embeddable":true,"href":"https:\/\/hoponcanada.ca\/fr\/wp-json\/wp\/v2\/comments?post=8715"}],"version-history":[{"count":7,"href":"https:\/\/hoponcanada.ca\/fr\/wp-json\/wp\/v2\/pages\/8715\/revisions"}],"predecessor-version":[{"id":9250,"href":"https:\/\/hoponcanada.ca\/fr\/wp-json\/wp\/v2\/pages\/8715\/revisions\/9250"}],"wp:attachment":[{"href":"https:\/\/hoponcanada.ca\/fr\/wp-json\/wp\/v2\/media?parent=8715"}],"curies":[{"name":"wp","href":"https:\/\/api.w.org\/{rel}","templated":true}]}}