{"id":8833,"date":"2024-03-07T13:47:11","date_gmt":"2024-03-07T18:47:11","guid":{"rendered":"https:\/\/hoponcanada.ca\/same-game-challenge\/"},"modified":"2024-03-07T14:21:46","modified_gmt":"2024-03-07T19:21:46","slug":"same-game-challenge","status":"publish","type":"page","link":"https:\/\/hoponcanada.ca\/fr\/same-game-challenge\/","title":{"rendered":"D\u00e9fi national M\u00eame jeu"},"content":{"rendered":"<p>[et_pb_section fb_built=\u00a0\u00bb1&Prime; _builder_version=\u00a0\u00bb4.19.4&Prime; _module_preset=\u00a0\u00bbdefault\u00a0\u00bb background_image=\u00a0\u00bbhttps:\/\/hoponcanada.ca\/wp-content\/uploads\/2023\/05\/HopOnjodydwilson-9069.jpg\u00a0\u00bb background_position=\u00a0\u00bbbottom_center\u00a0\u00bb custom_padding=\u00a0\u00bb25px||25px||true|false\u00a0\u00bb locked=\u00a0\u00bboff\u00a0\u00bb global_colors_info=\u00a0\u00bb{}\u00a0\u00bb][et_pb_row _builder_version=\u00a0\u00bb4.16&Prime; _module_preset=\u00a0\u00bbdefault\u00a0\u00bb custom_padding=\u00a0\u00bb50px||50px||true|false\u00a0\u00bb border_width_top=\u00a0\u00bb5px\u00a0\u00bb border_color_top=\u00a0\u00bb#FFFFFF\u00a0\u00bb border_width_bottom=\u00a0\u00bb5px\u00a0\u00bb border_color_bottom=\u00a0\u00bb#F4F4F4&Prime; global_colors_info=\u00a0\u00bb{}\u00a0\u00bb][et_pb_column type=\u00a0\u00bb4_4&Prime; _builder_version=\u00a0\u00bb4.16&Prime; _module_preset=\u00a0\u00bbdefault\u00a0\u00bb global_colors_info=\u00a0\u00bb{}\u00a0\u00bb][et_pb_text admin_label=\u00a0\u00bbtitle: Get Kids Cycling\u00a0\u00bb _builder_version=\u00a0\u00bb4.21.0&Prime; _module_preset=\u00a0\u00bbdefault\u00a0\u00bb header_font_size=\u00a0\u00bb5.5em\u00a0\u00bb background_layout=\u00a0\u00bbdark\u00a0\u00bb hover_enabled=\u00a0\u00bb0&Prime; global_colors_info=\u00a0\u00bb{}\u00a0\u00bb sticky_enabled=\u00a0\u00bb0&Prime;]<\/p>\n<h1 style=\"text-align: center;\">D\u00e9fi national M\u00eame jeu<\/h1>\n<p>[\/et_pb_text][\/et_pb_column][\/et_pb_row][\/et_pb_section][et_pb_section fb_built=\u00a0\u00bb1&Prime; _builder_version=\u00a0\u00bb4.19.4&Prime; _module_preset=\u00a0\u00bbdefault\u00a0\u00bb global_colors_info=\u00a0\u00bb{}\u00a0\u00bb][et_pb_row _builder_version=\u00a0\u00bb4.19.4&Prime; _module_preset=\u00a0\u00bbdefault\u00a0\u00bb global_colors_info=\u00a0\u00bb{}\u00a0\u00bb][et_pb_column type=\u00a0\u00bb4_4&Prime; _builder_version=\u00a0\u00bb4.19.4&Prime; _module_preset=\u00a0\u00bbdefault\u00a0\u00bb global_colors_info=\u00a0\u00bb{}\u00a0\u00bb][et_pb_text _builder_version=\u00a0\u00bb4.21.0&Prime; _module_preset=\u00a0\u00bbdefault\u00a0\u00bb hover_enabled=\u00a0\u00bb0&Prime; global_colors_info=\u00a0\u00bb{}\u00a0\u00bb sticky_enabled=\u00a0\u00bb0&Prime;]<\/p>\n<h1 class=\"narrow-content-title\">\u00c0 propos du D\u00e9fi national M\u00eame jeu<\/h1>\n<div class=\"wp-block-group is-style-align-small is-layout-flow\">\n<div class=\"wp-block-group__inner-container\">\n<p><span style=\"color: #000000;\">Nous croyons que le sport devrait \u00eatre accessible et accueillant pour tout le monde de fa\u00e7on \u00e9gale. C&rsquo;est pourquoi <a href=\"https:\/\/womenandsport.ca\/fr\/52-organismes-de-sport-font-un-pas-vers-latteinte-de-lequite-des-genres-en-participant-au-defi-meme-jeu\/\" target=\"_blank\" rel=\"noopener\">Cyclisme Canada participe<\/a> au programme <a href=\"https:\/\/womenandsport.ca\/fr\/defi-national-meme-jeu-appel-a-candidatures\/\" target=\"_blank\" rel=\"noopener\"><span style=\"color: #ff0000;\">D\u00e9fi national M\u00eame jeu<\/span><\/a> de l&rsquo;Association <span style=\"color: #ff0000;\"><a href=\"https:\/\/womenandsport.ca\/fr\/accueil\/\" style=\"color: #ff0000;\" target=\"_blank\" rel=\"noopener\">Femmes et Sport au Canada<\/a><\/span> par l&rsquo;entremise de son programme Embarquez.<\/span><\/p>\n<p><span style=\"color: #000000;\">Au cours des prochains mois, nous travaillerons avec nos partenaires de prestation pour trouver des fa\u00e7ons de rendre notre programmation plus inclusive et plus favorable aux filles, aux femmes et aux personnes de sexe diff\u00e9rent.<\/span><\/p>\n<p><span style=\"color: #000000;\">Toute personne souhaitant en savoir plus sur nos efforts ou s&rsquo;impliquer est invit\u00e9e \u00e0 contacter<\/span> <span style=\"color: #ff0000;\"><a href=\"mailto:HopOn@CyclingCanada.ca\" target=\"_blank\" rel=\"noopener\" style=\"color: #ff0000;\">HopOn@CyclingCanada.ca<\/a><\/span>.<\/p>\n<p>&nbsp;<\/p>\n<p>&nbsp;<\/p>\n<\/div>\n<\/div>\n<p>[\/et_pb_text][\/et_pb_column][\/et_pb_row][\/et_pb_section]<\/p>\n","protected":false},"excerpt":{"rendered":"<p>D\u00e9fi national M\u00eame jeu\u00c0 propos du D\u00e9fi national M\u00eame jeu Nous croyons que le sport devrait \u00eatre accessible et accueillant pour tout le monde de fa\u00e7on \u00e9gale. C&rsquo;est pourquoi Cyclisme Canada participe au programme D\u00e9fi national M\u00eame jeu de l&rsquo;Association Femmes et Sport au Canada par l&rsquo;entremise de son programme Embarquez. Au cours des prochains [&hellip;]<\/p>\n","protected":false},"author":7,"featured_media":0,"parent":0,"menu_order":0,"comment_status":"closed","ping_status":"closed","template":"","meta":{"_et_pb_use_builder":"on","_et_pb_old_content":"","_et_gb_content_width":"","footnotes":""},"class_list":["post-8833","page","type-page","status-publish","hentry"],"_links":{"self":[{"href":"https:\/\/hoponcanada.ca\/fr\/wp-json\/wp\/v2\/pages\/8833","targetHints":{"allow":["GET"]}}],"collection":[{"href":"https:\/\/hoponcanada.ca\/fr\/wp-json\/wp\/v2\/pages"}],"about":[{"href":"https:\/\/hoponcanada.ca\/fr\/wp-json\/wp\/v2\/types\/page"}],"author":[{"embeddable":true,"href":"https:\/\/hoponcanada.ca\/fr\/wp-json\/wp\/v2\/users\/7"}],"replies":[{"embeddable":true,"href":"https:\/\/hoponcanada.ca\/fr\/wp-json\/wp\/v2\/comments?post=8833"}],"version-history":[{"count":3,"href":"https:\/\/hoponcanada.ca\/fr\/wp-json\/wp\/v2\/pages\/8833\/revisions"}],"predecessor-version":[{"id":8839,"href":"https:\/\/hoponcanada.ca\/fr\/wp-json\/wp\/v2\/pages\/8833\/revisions\/8839"}],"wp:attachment":[{"href":"https:\/\/hoponcanada.ca\/fr\/wp-json\/wp\/v2\/media?parent=8833"}],"curies":[{"name":"wp","href":"https:\/\/api.w.org\/{rel}","templated":true}]}}